{"id":6274,"date":"2021-09-16T08:50:21","date_gmt":"2021-09-16T08:50:21","guid":{"rendered":"https:\/\/sugarhillretreat.ca\/homepage-inspiro\/"},"modified":"2024-12-02T08:53:43","modified_gmt":"2024-12-02T13:53:43","slug":"homepage-inspiro","status":"publish","type":"page","link":"https:\/\/sugarhillretreat.ca\/fr\/","title":{"rendered":"Homepage"},"content":{"rendered":"<div data-elementor-type=\"wp-page\" data-elementor-id=\"6274\" class=\"elementor elementor-6274\">\n\t\t\t\t\t\t<section class=\"elementor-section elementor-top-section elementor-element elementor-element-1a1a115e elementor-section-full_width elementor-section-height-default elementor-section-height-default\" data-id=\"1a1a115e\" data-element_type=\"section\">\n\t\t\t\t\t\t<div class=\"elementor-container elementor-column-gap-default\">\n\t\t\t\t\t<div class=\"elementor-column elementor-col-100 elementor-top-column elementor-element elementor-element-3c44e41d\" data-id=\"3c44e41d\" data-element_type=\"column\">\n\t\t\t<div class=\"elementor-widget-wrap elementor-element-populated\">\n\t\t\t\t\t\t<div class=\"elementor-element elementor-element-5ffea4f2 elementor-widget elementor-widget-wpzoom-elementor-addons-slider-pro\" data-id=\"5ffea4f2\" data-element_type=\"widget\" data-widget_type=\"wpzoom-elementor-addons-slider-pro.default\">\n\t\t\t\t<div class=\"elementor-widget-container\">\n\t\t\t\t\t\t<div id=\"slider\" class=\"flexslider\" data-posts=\"6\">\n\t\t\t\t<ul class=\"slides\">\n\t\t\t\t\t\t\t\t\t\t\t<li  data-formstone-options='{\"source\":{\"poster\":\"https:\\/\\/sugarhillretreat.ca\\/wp-content\\/uploads\\/2023\\/12\\/73-Sugar-Hill-15.jpg\",\"mp4\":\"https:\\\/\\\/sugarhillretreat.ca\\\/wp-content\\\/uploads\\\/2024\\\/03\\\/Sugar-hill-retreat-drone-1-SM.mp4\"},\"mobileSource\":{\"poster\":\"\"},\"autoPlay\":true,\"mute\":true,\"loop\":true}'  >\n\n\t\t\t\t\t\t\t<div class=\"slide-background-overlay\"><\/div>\n\n                            \n                            <div class=\"li-wrap\">\n\n                                \n\t\t\t\t\t\t\t\t\t\t\t\t\t\t\t\t\t\t\t<h1 class=\"missing-url\">Refuge Sugar Hill<\/h1>\t\t\t\t\t\t\t\t\t\n                                \n\t\t\t\t\t\t\t\t\t<div class=\"excerpt\"><\/div>\n\n\t\t\t\t\t\t\t\t\t\t\t\t\t\t\t\t\t<div class=\"slide_button\">\n\t\t\t\t\t\t\t\t\t\t<a href=\"https:\/\/sugarhillretreat.ca\/fr\/book-now\/\">R\u00e9servez<\/a>\n\t\t\t\t\t\t\t\t\t<\/div>                                                                \n                                \n\t\t\t\t\t\t\t<\/div>\n\n\t\t\t\t\t\t\t\n\t\t\t\t\t\t\t\t<div class=\"background-video-buttons-wrapper\">\n\n\t\t\t\t\t\t\t\t\t\t\t\t\t\t\t\t\t\t\t<a class=\"wpzoom-button-video-background-play display-none\">Play<\/a>\n\t\t\t\t\t\t\t\t\t\t<a class=\"wpzoom-button-video-background-pause display-none\">Pause<\/a>\n\n\t\t\t\t\t\t\t\t\t\n\t\t\t\t\t\t\t\t\t\n\t\t\t\t\t\t\t\t<\/div>\n\t\t\t\t\t\t\t\t\t\t\t\t\t<\/li>\n\t\t\t\t\t\t\t\t\t\t\t<li  data-formstone-options='{\"source\":{\"poster\":\"https:\\/\\/sugarhillretreat.ca\\/wp-content\\/uploads\\/2015\\/01\\/Screenshot-2024-03-10-at-9.51.32\u202fPM.png\",\"mp4\":\"https:\\\/\\\/sugarhillretreat.ca\\\/wp-content\\\/uploads\\\/2024\\\/03\\\/Sugar-hill-deer-snow-SM.mp4\"},\"mobileSource\":{\"poster\":\"\"},\"autoPlay\":true,\"mute\":true,\"loop\":true}'  >\n\n\t\t\t\t\t\t\t<div class=\"slide-background-overlay\"><\/div>\n\n                            \n                            <div class=\"li-wrap\">\n\n                                \n                                                                            <h3 class=\"missing-url\"><a href=\"https:\/\/demo.wpzoom.com\/inspiro-hotel\/book-now\/\">Refuge Sugar Hill<\/a><\/h3>                                    \n                                \n\t\t\t\t\t\t\t\t\t<div class=\"excerpt\"><\/div>\n\n\t\t\t\t\t\t\t\t\t\t\t\t\t\t\t\t\t<div class=\"slide_button\">\n\t\t\t\t\t\t\t\t\t\t<a href=\"https:\/\/sugarhillretreat.ca\/fr\/book-now\/\">R\u00e9servez<\/a>\n\t\t\t\t\t\t\t\t\t<\/div>                                                                \n                                \n\t\t\t\t\t\t\t<\/div>\n\n\t\t\t\t\t\t\t\n\t\t\t\t\t\t\t\t<div class=\"background-video-buttons-wrapper\">\n\n\t\t\t\t\t\t\t\t\t\t\t\t\t\t\t\t\t\t\t<a class=\"wpzoom-button-video-background-play display-none\">Play<\/a>\n\t\t\t\t\t\t\t\t\t\t<a class=\"wpzoom-button-video-background-pause display-none\">Pause<\/a>\n\n\t\t\t\t\t\t\t\t\t\n\t\t\t\t\t\t\t\t\t\n\t\t\t\t\t\t\t\t<\/div>\n\t\t\t\t\t\t\t\t\t\t\t\t\t<\/li>\n\t\t\t\t\t\t\t\t\t\t\t<li  data-formstone-options='{\"source\":{\"poster\":\"https:\\/\\/sugarhillretreat.ca\\/wp-content\\/uploads\\/2024\\/03\\/Sugar-hill-hummingbird-feeders-flowers-2-screenshot.png\",\"mp4\":\"https:\\\/\\\/sugarhillretreat.ca\\\/wp-content\\\/uploads\\\/2024\\\/03\\\/Sugar-hill-hummingbird-feeders-flowers-2-SM.mp4\"},\"mobileSource\":{\"poster\":\"\"},\"autoPlay\":true,\"mute\":true,\"loop\":true}'  >\n\n\t\t\t\t\t\t\t<div class=\"slide-background-overlay\"><\/div>\n\n                            \n                            <div class=\"li-wrap\">\n\n                                \n                                                                            <h3 class=\"missing-url missing-url\">Refuge Sugar Hill<\/h3>                                    \n                                \n\t\t\t\t\t\t\t\t\t<div class=\"excerpt\"><\/div>\n\n\t\t\t\t\t\t\t\t\t\t\t\t\t\t\t\t\t<div class=\"slide_button\">\n\t\t\t\t\t\t\t\t\t\t<a href=\"https:\/\/sugarhillretreat.ca\/fr\/book-now\/\">R\u00e9servez<\/a>\n\t\t\t\t\t\t\t\t\t<\/div>                                                                \n                                \n\t\t\t\t\t\t\t<\/div>\n\n\t\t\t\t\t\t\t\n\t\t\t\t\t\t\t\t<div class=\"background-video-buttons-wrapper\">\n\n\t\t\t\t\t\t\t\t\t\t\t\t\t\t\t\t\t\t\t<a class=\"wpzoom-button-video-background-play display-none\">Play<\/a>\n\t\t\t\t\t\t\t\t\t\t<a class=\"wpzoom-button-video-background-pause display-none\">Pause<\/a>\n\n\t\t\t\t\t\t\t\t\t\n\t\t\t\t\t\t\t\t\t\n\t\t\t\t\t\t\t\t<\/div>\n\t\t\t\t\t\t\t\t\t\t\t\t\t<\/li>\n\t\t\t\t\t\t\t\t\t\t\t<li  data-formstone-options='{\"source\":{\"poster\":\"https:\\/\\/sugarhillretreat.ca\\/wp-content\\/uploads\\/2024\\/03\\/Screenshot-2024-03-10-at-9.48.07\u202fPM.png\",\"mp4\":\"https:\\\/\\\/sugarhillretreat.ca\\\/wp-content\\\/uploads\\\/2024\\\/03\\\/Sugar-hill-retreat-drone-2-SM.mp4\"},\"mobileSource\":{\"poster\":\"\"},\"autoPlay\":true,\"mute\":true,\"loop\":true}'  >\n\n\t\t\t\t\t\t\t<div class=\"slide-background-overlay\"><\/div>\n\n                            \n                            <div class=\"li-wrap\">\n\n                                \n                                                                            <h3 class=\"missing-url missing-url missing-url\">Refuge Sugar Hill<\/h3>                                    \n                                \n\t\t\t\t\t\t\t\t\t<div class=\"excerpt\"><\/div>\n\n\t\t\t\t\t\t\t\t\t\t\t\t\t\t\t\t\t<div class=\"slide_button\">\n\t\t\t\t\t\t\t\t\t\t<a href=\"https:\/\/sugarhillretreat.ca\/fr\/book-now\/\">R\u00e9servez<\/a>\n\t\t\t\t\t\t\t\t\t<\/div>                                                                \n                                \n\t\t\t\t\t\t\t<\/div>\n\n\t\t\t\t\t\t\t\n\t\t\t\t\t\t\t\t<div class=\"background-video-buttons-wrapper\">\n\n\t\t\t\t\t\t\t\t\t\t\t\t\t\t\t\t\t\t\t<a class=\"wpzoom-button-video-background-play display-none\">Play<\/a>\n\t\t\t\t\t\t\t\t\t\t<a class=\"wpzoom-button-video-background-pause display-none\">Pause<\/a>\n\n\t\t\t\t\t\t\t\t\t\n\t\t\t\t\t\t\t\t\t\n\t\t\t\t\t\t\t\t<\/div>\n\t\t\t\t\t\t\t\t\t\t\t\t\t<\/li>\n\t\t\t\t\t\t\t\t\t\t\t<li  data-formstone-options='{\"source\":{\"poster\":\"https:\\/\\/sugarhillretreat.ca\\/wp-content\\/uploads\\/2014\\/06\\/Screenshot-2024-03-10-at-9.19.47\u202fPM-1.png\",\"mp4\":\"https:\\\/\\\/sugarhillretreat.ca\\\/wp-content\\\/uploads\\\/2024\\\/03\\\/Sugar-hill-snow-pond-SM.mp4\"},\"mobileSource\":{\"poster\":\"\"},\"autoPlay\":true,\"mute\":true,\"loop\":true}'  >\n\n\t\t\t\t\t\t\t<div class=\"slide-background-overlay\"><\/div>\n\n                            \n                            <div class=\"li-wrap\">\n\n                                \n                                                                            <h3 class=\"missing-url missing-url missing-url missing-url\">Refuge Sugar Hill<\/h3>                                    \n                                \n\t\t\t\t\t\t\t\t\t<div class=\"excerpt\">\n<p><\/p>\n\n\n\n<p><\/p>\n<\/div>\n\n\t\t\t\t\t\t\t\t\t\t\t\t\t\t\t\t\t<div class=\"slide_button\">\n\t\t\t\t\t\t\t\t\t\t<a href=\"https:\/\/sugarhillretreat.ca\/fr\/book-now\/\">R\u00e9servez<\/a>\n\t\t\t\t\t\t\t\t\t<\/div>                                                                \n                                \n\t\t\t\t\t\t\t<\/div>\n\n\t\t\t\t\t\t\t\n\t\t\t\t\t\t\t\t<div class=\"background-video-buttons-wrapper\">\n\n\t\t\t\t\t\t\t\t\t\t\t\t\t\t\t\t\t\t\t<a class=\"wpzoom-button-video-background-play display-none\">Play<\/a>\n\t\t\t\t\t\t\t\t\t\t<a class=\"wpzoom-button-video-background-pause display-none\">Pause<\/a>\n\n\t\t\t\t\t\t\t\t\t\n\t\t\t\t\t\t\t\t\t\n\t\t\t\t\t\t\t\t<\/div>\n\t\t\t\t\t\t\t\t\t\t\t\t\t<\/li>\n\t\t\t\t\t\t\t\t\t\t\t<li  data-formstone-options='{\"source\":{\"poster\":\"https:\\/\\/sugarhillretreat.ca\\/wp-content\\/uploads\\/2024\\/03\\/Screenshot-2024-03-10-at-9.58.27\u202fPM.png\",\"mp4\":\"https:\\\/\\\/sugarhillretreat.ca\\\/wp-content\\\/uploads\\\/2024\\\/03\\\/Sugar-hill-sun-ponds-1-1.mp4\"},\"mobileSource\":{\"poster\":\"\"},\"autoPlay\":true,\"mute\":true,\"loop\":true}'  >\n\n\t\t\t\t\t\t\t<div class=\"slide-background-overlay\"><\/div>\n\n                            \n                            <div class=\"li-wrap\">\n\n                                \n                                                                            <h3 class=\"missing-url missing-url missing-url missing-url missing-url\">Refuge Sugar Hill<\/h3>                                    \n                                \n\t\t\t\t\t\t\t\t\t<div class=\"excerpt\"><\/div>\n\n\t\t\t\t\t\t\t\t\t\t\t\t\t\t\t\t\t<div class=\"slide_button\">\n\t\t\t\t\t\t\t\t\t\t<a href=\"https:\/\/sugarhillretreat.ca\/fr\/book-now\/\">R\u00e9servez<\/a>\n\t\t\t\t\t\t\t\t\t<\/div>                                                                \n                                \n\t\t\t\t\t\t\t<\/div>\n\n\t\t\t\t\t\t\t\n\t\t\t\t\t\t\t\t<div class=\"background-video-buttons-wrapper\">\n\n\t\t\t\t\t\t\t\t\t\t\t\t\t\t\t\t\t\t\t<a class=\"wpzoom-button-video-background-play display-none\">Play<\/a>\n\t\t\t\t\t\t\t\t\t\t<a class=\"wpzoom-button-video-background-pause display-none\">Pause<\/a>\n\n\t\t\t\t\t\t\t\t\t\n\t\t\t\t\t\t\t\t\t\n\t\t\t\t\t\t\t\t<\/div>\n\t\t\t\t\t\t\t\t\t\t\t\t\t<\/li>\n\t\t\t\t\t\n\t\t\t\t<\/ul>\n\t\t\t\t\t\t\t\t\t<div id=\"scroll-to-content\" title=\"Scroll to Content\">\n\t\t\t\t\t\tScroll to Content\t\t\t\t\t<\/div>\n\t\t\t\t\t\t\t<\/div>\n\t\t\t\t<\/div>\n\t\t\t\t<\/div>\n\t\t\t\t\t<\/div>\n\t\t<\/div>\n\t\t\t\t\t<\/div>\n\t\t<\/section>\n\t\t\t\t<section class=\"elementor-section elementor-top-section elementor-element elementor-element-74642de elementor-section-boxed elementor-section-height-default elementor-section-height-default\" data-id=\"74642de\" data-element_type=\"section\">\n\t\t\t\t\t\t<div class=\"elementor-container elementor-column-gap-no\">\n\t\t\t\t\t<div class=\"elementor-column elementor-col-100 elementor-top-column elementor-element elementor-element-3f53084b\" data-id=\"3f53084b\" data-element_type=\"column\">\n\t\t\t<div class=\"elementor-widget-wrap elementor-element-populated\">\n\t\t\t\t\t\t<div class=\"elementor-element elementor-element-3268efa7 elementor-widget elementor-widget-heading\" data-id=\"3268efa7\" data-element_type=\"widget\" data-widget_type=\"heading.default\">\n\t\t\t\t<div class=\"elementor-widget-container\">\n\t\t\t<h2 class=\"elementor-heading-title elementor-size-default\">Bienvenu chez vous<\/h2>\t\t<\/div>\n\t\t\t\t<\/div>\n\t\t\t\t<section class=\"elementor-section elementor-inner-section elementor-element elementor-element-22d90a31 elementor-section-full_width elementor-section-height-default elementor-section-height-default\" data-id=\"22d90a31\" data-element_type=\"section\">\n\t\t\t\t\t\t<div class=\"elementor-container elementor-column-gap-no\">\n\t\t\t\t\t<div class=\"elementor-column elementor-col-100 elementor-inner-column elementor-element elementor-element-4982d476\" data-id=\"4982d476\" data-element_type=\"column\">\n\t\t\t<div class=\"elementor-widget-wrap elementor-element-populated\">\n\t\t\t\t\t\t<div class=\"elementor-element elementor-element-2e4e374e elementor-widget elementor-widget-text-editor\" data-id=\"2e4e374e\" data-element_type=\"widget\" data-widget_type=\"text-editor.default\">\n\t\t\t\t<div class=\"elementor-widget-container\">\n\t\t\t\t\t\t\t<p class=\" translation-block\"><span style=\"color: #222222;font-family: Circular, -apple-system, BlinkMacSystemFont, Roboto, 'Helvetica Neue', sans-serif\">Le Refuge Sugar Hill est un chalet magnifique et unique en son genre, situ\u00e9e au sommet d'une colline bois\u00e9e de 160 acres dans les Cantons-de-l'Est au Qu\u00e9bec. Situ\u00e9e \u00e0 2 minutes du village pittoresque de Knowlton au Lac Brome et \u00e0 80 minutes de Montr\u00e9al, la maison offre des vues \u00e0 couper le souffle. Un coin de paradis tranquille offrant intimit\u00e9, paix et confort pour les grands groupes en s\u00e9jour de courte dur\u00e9e. Id\u00e9al pour des r\u00e9unions de famille m\u00e9morables, des r\u00e9unions entre amis ou des retraites d'affaires productives.<\/span><\/p>\t\t\t\t\t\t<\/div>\n\t\t\t\t<\/div>\n\t\t\t\t\t<\/div>\n\t\t<\/div>\n\t\t\t\t\t<\/div>\n\t\t<\/section>\n\t\t\t\t\t<\/div>\n\t\t<\/div>\n\t\t\t\t\t<\/div>\n\t\t<\/section>\n\t\t\t\t<section class=\"elementor-section elementor-top-section elementor-element elementor-element-2ddddc87 elementor-section-full_width elementor-section-height-default elementor-section-height-default\" data-id=\"2ddddc87\" data-element_type=\"section\" data-settings=\"{&quot;background_background&quot;:&quot;classic&quot;}\">\n\t\t\t\t\t\t\t<div class=\"elementor-background-overlay\"><\/div>\n\t\t\t\t\t\t\t<div class=\"elementor-container elementor-column-gap-no\">\n\t\t\t\t\t<div class=\"elementor-column elementor-col-100 elementor-top-column elementor-element elementor-element-40caf10f\" data-id=\"40caf10f\" data-element_type=\"column\">\n\t\t\t<div class=\"elementor-widget-wrap elementor-element-populated\">\n\t\t\t\t\t\t<section class=\"elementor-section elementor-inner-section elementor-element elementor-element-1a729bec elementor-section-content-middle elementor-section-boxed elementor-section-height-default elementor-section-height-default\" data-id=\"1a729bec\" data-element_type=\"section\">\n\t\t\t\t\t\t<div class=\"elementor-container elementor-column-gap-no\">\n\t\t\t\t\t<div class=\"elementor-column elementor-col-100 elementor-inner-column elementor-element elementor-element-2c1f7d9c\" data-id=\"2c1f7d9c\" data-element_type=\"column\">\n\t\t\t<div class=\"elementor-widget-wrap elementor-element-populated\">\n\t\t\t\t\t\t<div class=\"elementor-element elementor-element-5e611884 elementor-widget elementor-widget-heading\" data-id=\"5e611884\" data-element_type=\"widget\" data-widget_type=\"heading.default\">\n\t\t\t\t<div class=\"elementor-widget-container\">\n\t\t\t<h2 class=\"elementor-heading-title elementor-size-default\">EXPLOREZ LE REFUGE SUGAR HILL<\/h2>\t\t<\/div>\n\t\t\t\t<\/div>\n\t\t\t\t<div class=\"elementor-element elementor-element-c080f1a elementor-align-center elementor-widget elementor-widget-button\" data-id=\"c080f1a\" data-element_type=\"widget\" data-widget_type=\"button.default\">\n\t\t\t\t<div class=\"elementor-widget-container\">\n\t\t\t\t\t\t\t<div class=\"elementor-button-wrapper\">\n\t\t\t\t\t<a class=\"elementor-button elementor-button-link elementor-size-md\" href=\"https:\/\/www.airbnb.ca\/rooms\/8045512?source_impression_id=p3_1711314718_ZyW19yzUMH3tlwaw&#038;modal=PHOTO_TOUR_SCROLLABLE\">\n\t\t\t\t\t\t<span class=\"elementor-button-content-wrapper\">\n\t\t\t\t\t\t\t\t\t<span class=\"elementor-button-text\">Photos<\/span>\n\t\t\t\t\t<\/span>\n\t\t\t\t\t<\/a>\n\t\t\t\t<\/div>\n\t\t\t\t\t\t<\/div>\n\t\t\t\t<\/div>\n\t\t\t\t\t<\/div>\n\t\t<\/div>\n\t\t\t\t\t<\/div>\n\t\t<\/section>\n\t\t\t\t\t<\/div>\n\t\t<\/div>\n\t\t\t\t\t<\/div>\n\t\t<\/section>\n\t\t\t\t<section class=\"elementor-section elementor-top-section elementor-element elementor-element-4a97da6d elementor-section-boxed elementor-section-height-default elementor-section-height-default\" data-id=\"4a97da6d\" data-element_type=\"section\">\n\t\t\t\t\t\t<div class=\"elementor-container elementor-column-gap-no\">\n\t\t\t\t\t<div class=\"elementor-column elementor-col-100 elementor-top-column elementor-element elementor-element-561600f5\" data-id=\"561600f5\" data-element_type=\"column\">\n\t\t\t<div class=\"elementor-widget-wrap elementor-element-populated\">\n\t\t\t\t\t\t<div class=\"elementor-element elementor-element-f5b93df elementor-widget elementor-widget-heading\" data-id=\"f5b93df\" data-element_type=\"widget\" data-widget_type=\"heading.default\">\n\t\t\t\t<div class=\"elementor-widget-container\">\n\t\t\t<h2 class=\"elementor-heading-title elementor-size-default\"><a href=\"https:\/\/sugarhillretreat.ca\/fr\/contact\/\">Contactez-nous<\/a><\/h2>\t\t<\/div>\n\t\t\t\t<\/div>\n\t\t\t\t<div class=\"elementor-element elementor-element-90ea92b elementor-widget elementor-widget-heading\" data-id=\"90ea92b\" data-element_type=\"widget\" data-widget_type=\"heading.default\">\n\t\t\t\t<div class=\"elementor-widget-container\">\n\t\t\t<h2 class=\"elementor-heading-title elementor-size-default\"><a href=\"https:\/\/tourismelacbrome.com\/en\/\">En savoir plus sur Lac Brome, Qc<\/a><\/h2>\t\t<\/div>\n\t\t\t\t<\/div>\n\t\t\t\t\t<\/div>\n\t\t<\/div>\n\t\t\t\t\t<\/div>\n\t\t<\/section>\n\t\t<div class=\"elementor-element elementor-element-4d94a42 e-flex e-con-boxed e-con e-parent\" data-id=\"4d94a42\" data-element_type=\"container\">\n\t\t\t\t\t<div class=\"e-con-inner\">\n\t\t\t\t<div class=\"elementor-element elementor-element-7f254b7 elementor-widget elementor-widget-google_maps\" data-id=\"7f254b7\" data-element_type=\"widget\" data-widget_type=\"google_maps.default\">\n\t\t\t\t<div class=\"elementor-widget-container\">\n\t\t\t\t\t<div class=\"elementor-custom-embed\">\n\t\t\t<iframe loading=\"lazy\"\n\t\t\t\t\tsrc=\"https:\/\/maps.google.com\/maps?q=Lac%20brome&#038;t=m&#038;z=10&#038;output=embed&#038;iwloc=near\"\n\t\t\t\t\ttitle=\"Lac brome\"\n\t\t\t\t\taria-label=\"Lac brome\"\n\t\t\t><\/iframe>\n\t\t<\/div>\n\t\t\t\t<\/div>\n\t\t\t\t<\/div>\n\t\t\t\t\t<\/div>\n\t\t\t\t<\/div>\n\t\t<div class=\"elementor-element elementor-element-febf45c e-flex e-con-boxed e-con e-parent\" data-id=\"febf45c\" data-element_type=\"container\">\n\t\t\t\t\t<div class=\"e-con-inner\">\n\t\t\t\t\t<\/div>\n\t\t\t\t<\/div>\n\t\t\t\t<\/div>","protected":false},"excerpt":{"rendered":"<p>Sugar Hill Retreat Book Now Play Pause Sugar Hill Retreat Book Now Play Pause Sugar Hill Retreat Book Now Play Pause Sugar Hill Retreat Book Now Play Pause Sugar Hill Retreat Book now Play Pause Sugar Hill Retreat Book Now Play Pause Scroll to Content Welcome Home Sugar Hill Retreat [&hellip;]<\/p>","protected":false},"author":1,"featured_media":0,"parent":0,"menu_order":0,"comment_status":"closed","ping_status":"closed","template":"page-templates\/full-width-transparent.php","meta":{"ngg_post_thumbnail":0,"footnotes":""},"class_list":["post-6274","page","type-page","status-publish","hentry"],"jetpack_sharing_enabled":true,"_links":{"self":[{"href":"https:\/\/sugarhillretreat.ca\/fr\/wp-json\/wp\/v2\/pages\/6274","targetHints":{"allow":["GET"]}}],"collection":[{"href":"https:\/\/sugarhillretreat.ca\/fr\/wp-json\/wp\/v2\/pages"}],"about":[{"href":"https:\/\/sugarhillretreat.ca\/fr\/wp-json\/wp\/v2\/types\/page"}],"author":[{"embeddable":true,"href":"https:\/\/sugarhillretreat.ca\/fr\/wp-json\/wp\/v2\/users\/1"}],"replies":[{"embeddable":true,"href":"https:\/\/sugarhillretreat.ca\/fr\/wp-json\/wp\/v2\/comments?post=6274"}],"version-history":[{"count":68,"href":"https:\/\/sugarhillretreat.ca\/fr\/wp-json\/wp\/v2\/pages\/6274\/revisions"}],"predecessor-version":[{"id":22856,"href":"https:\/\/sugarhillretreat.ca\/fr\/wp-json\/wp\/v2\/pages\/6274\/revisions\/22856"}],"wp:attachment":[{"href":"https:\/\/sugarhillretreat.ca\/fr\/wp-json\/wp\/v2\/media?parent=6274"}],"curies":[{"name":"wp","href":"https:\/\/api.w.org\/{rel}","templated":true}]}}